{"id":3938,"date":"2024-05-18T11:46:22","date_gmt":"2024-05-18T11:46:22","guid":{"rendered":"https:\/\/jobs.ypn.al\/?page_id=3938"},"modified":"2024-07-15T01:33:31","modified_gmt":"2024-07-15T01:33:31","slug":"krijo-cv","status":"publish","type":"page","link":"https:\/\/mundesi.ypn.al\/en\/krijo-cv\/","title":{"rendered":"Krijo CV"},"content":{"rendered":"<div data-elementor-type=\"wp-page\" data-elementor-id=\"3938\" class=\"elementor elementor-3938\" data-elementor-post-type=\"page\">\n\t\t\t\t<div class=\"elementor-element elementor-element-d47f3b4 e-flex e-con-boxed e-con e-parent\" data-id=\"d47f3b4\" data-element_type=\"container\" data-settings=\"{&quot;background_background&quot;:&quot;classic&quot;}\">\n\t\t\t\t\t<div class=\"e-con-inner\">\n\t\t<div class=\"elementor-element elementor-element-0680eae e-con-full e-flex elementor-invisible e-con e-child\" data-id=\"0680eae\" data-element_type=\"container\" data-settings=\"{&quot;animation&quot;:&quot;fadeInLeft&quot;}\">\n\t\t\t\t<div class=\"elementor-element elementor-element-9c061b5 elementor-widget elementor-widget-heading\" data-id=\"9c061b5\" data-element_type=\"widget\" data-widget_type=\"heading.default\">\n\t\t\t\t<div class=\"elementor-widget-container\">\n\t\t\t\t\t<h2 class=\"elementor-heading-title elementor-size-default\">Krijo CV<\/h2>\t\t\t\t<\/div>\n\t\t\t\t<\/div>\n\t\t\t\t<div class=\"elementor-element elementor-element-0d805b2 elementor-widget elementor-widget-text-editor\" data-id=\"0d805b2\" data-element_type=\"widget\" data-widget_type=\"text-editor.default\">\n\t\t\t\t<div class=\"elementor-widget-container\">\n\t\t\t\t\t\t\t\t\t<p>Kjo hap\u00ebsir\u00eb \u00ebsht\u00eb e dedikuar p\u00ebr krijimin e CV-ve profesionale duke p\u00ebrdorur template t\u00eb ndryshme. E dizenjuar p\u00ebr t\u00eb ndihmuar individ\u00ebt n\u00eb tregun e pun\u00ebs por jo vet\u00ebm, Mund\u00ebsiPlot u lejon p\u00ebrdoruesve t\u00eb zgjedhin modele CV t\u00eb p\u00ebrshtatshme p\u00ebr sektor\u00eb t\u00eb ndrysh\u00ebm. P\u00ebrdoruesit mund t\u00eb personalizojn\u00eb leht\u00ebsisht \u00e7do template duke shtuar informacionin e tyre personal, eksperiencat profesionale, arritjet dhe aft\u00ebsit\u00eb. Platforma \u00ebsht\u00eb e leht\u00eb p\u00ebr t&#8217;u p\u00ebrdorur dhe ofron mund\u00ebsi p\u00ebr ruajtjen dhe shkarkimin e CV-ve n\u00eb format PDF , duke e b\u00ebr\u00eb procesin e krijimit t\u00eb nj\u00eb CV-je t\u00ebrheq\u00ebse dhe efektive m\u00eb t\u00eb thjesht\u00eb dhe t\u00eb shpejt\u00eb se kurr\u00eb.<\/p>\t\t\t\t\t\t\t\t<\/div>\n\t\t\t\t<\/div>\n\t\t\t\t<\/div>\n\t\t<div class=\"elementor-element elementor-element-bfde2cc e-con-full e-flex elementor-invisible e-con e-child\" data-id=\"bfde2cc\" data-element_type=\"container\" data-settings=\"{&quot;animation&quot;:&quot;fadeInRight&quot;}\">\n\t\t\t\t<div class=\"elementor-element elementor-element-9bbd72d elementor-widget elementor-widget-image\" data-id=\"9bbd72d\" data-element_type=\"widget\" data-widget_type=\"image.default\">\n\t\t\t\t<div class=\"elementor-widget-container\">\n\t\t\t\t\t\t\t\t\t\t\t\t\t\t\t<img fetchpriority=\"high\" decoding=\"async\" width=\"409\" height=\"318\" src=\"https:\/\/mundesi.ypn.al\/wp-content\/uploads\/2024\/05\/Group-30.png\" class=\"attachment-large size-large wp-image-3915\" alt=\"\" srcset=\"https:\/\/mundesi.ypn.al\/wp-content\/uploads\/2024\/05\/Group-30.png 409w, https:\/\/mundesi.ypn.al\/wp-content\/uploads\/2024\/05\/Group-30-300x233.png 300w\" sizes=\"(max-width: 409px) 100vw, 409px\" \/>\t\t\t\t\t\t\t\t\t\t\t\t\t\t\t<\/div>\n\t\t\t\t<\/div>\n\t\t\t\t<\/div>\n\t\t\t\t\t<\/div>\n\t\t\t\t<\/div>\n\t\t<div class=\"elementor-element elementor-element-5ae8db0 e-flex e-con-boxed elementor-invisible e-con e-parent\" data-id=\"5ae8db0\" data-element_type=\"container\" data-settings=\"{&quot;animation&quot;:&quot;fadeInUp&quot;}\">\n\t\t\t\t\t<div class=\"e-con-inner\">\n\t\t<div class=\"elementor-element elementor-element-78db0d8 e-con-full e-flex e-con e-child\" data-id=\"78db0d8\" data-element_type=\"container\">\n\t\t\t\t<div class=\"elementor-element elementor-element-97b04bf elementor-widget elementor-widget-image\" data-id=\"97b04bf\" data-element_type=\"widget\" data-widget_type=\"image.default\">\n\t\t\t\t<div class=\"elementor-widget-container\">\n\t\t\t\t\t\t\t\t\t\t\t\t\t\t\t<img decoding=\"async\" width=\"660\" height=\"371\" src=\"https:\/\/mundesi.ypn.al\/wp-content\/uploads\/2024\/05\/Europass-Full-Colour-Brand-Mark-1024x576.png\" class=\"attachment-large size-large wp-image-4168\" alt=\"\" srcset=\"https:\/\/mundesi.ypn.al\/wp-content\/uploads\/2024\/05\/Europass-Full-Colour-Brand-Mark-1024x576.png 1024w, https:\/\/mundesi.ypn.al\/wp-content\/uploads\/2024\/05\/Europass-Full-Colour-Brand-Mark-300x169.png 300w, https:\/\/mundesi.ypn.al\/wp-content\/uploads\/2024\/05\/Europass-Full-Colour-Brand-Mark-768x432.png 768w, https:\/\/mundesi.ypn.al\/wp-content\/uploads\/2024\/05\/Europass-Full-Colour-Brand-Mark-1536x864.png 1536w, https:\/\/mundesi.ypn.al\/wp-content\/uploads\/2024\/05\/Europass-Full-Colour-Brand-Mark-600x338.png 600w, https:\/\/mundesi.ypn.al\/wp-content\/uploads\/2024\/05\/Europass-Full-Colour-Brand-Mark.png 1920w\" sizes=\"(max-width: 660px) 100vw, 660px\" \/>\t\t\t\t\t\t\t\t\t\t\t\t\t\t\t<\/div>\n\t\t\t\t<\/div>\n\t\t\t\t<div class=\"elementor-element elementor-element-5f1fef5 elementor-widget elementor-widget-heading\" data-id=\"5f1fef5\" data-element_type=\"widget\" data-widget_type=\"heading.default\">\n\t\t\t\t<div class=\"elementor-widget-container\">\n\t\t\t\t\t<h2 class=\"elementor-heading-title elementor-size-default\">Varianti Europass<\/h2>\t\t\t\t<\/div>\n\t\t\t\t<\/div>\n\t\t\t\t<div class=\"elementor-element elementor-element-cd7d028 elementor-widget elementor-widget-text-editor\" data-id=\"cd7d028\" data-element_type=\"widget\" data-widget_type=\"text-editor.default\">\n\t\t\t\t<div class=\"elementor-widget-container\">\n\t\t\t\t\t\t\t\t\t<p>Krijuesi i CV-s\u00eb Europass e b\u00ebn t\u00eb leht\u00eb krijimin e CV-s\u00eb tuaj n\u00eb internet. Ju mund ta p\u00ebrdorni at\u00eb p\u00ebr t\u00eb aplikuar p\u00ebr nj\u00eb pun\u00eb,\u00a0 mund\u00ebsi intershipi, trajnimi, vullnetariz\u00ebm, etj.<\/p>\t\t\t\t\t\t\t\t<\/div>\n\t\t\t\t<\/div>\n\t\t\t\t<div class=\"elementor-element elementor-element-387de18 elementor-align-center elementor-widget elementor-widget-button\" data-id=\"387de18\" data-element_type=\"widget\" data-widget_type=\"button.default\">\n\t\t\t\t<div class=\"elementor-widget-container\">\n\t\t\t\t\t\t\t\t\t<div class=\"elementor-button-wrapper\">\n\t\t\t\t\t<a class=\"elementor-button elementor-button-link elementor-size-sm\" href=\"https:\/\/europass.europa.eu\/en\/create-europass-cv\">\n\t\t\t\t\t\t<span class=\"elementor-button-content-wrapper\">\n\t\t\t\t\t\t\t\t\t<span class=\"elementor-button-text\">Edito Online<\/span>\n\t\t\t\t\t<\/span>\n\t\t\t\t\t<\/a>\n\t\t\t\t<\/div>\n\t\t\t\t\t\t\t\t<\/div>\n\t\t\t\t<\/div>\n\t\t\t\t<div class=\"elementor-element elementor-element-6a405c8 elementor-align-center elementor-widget elementor-widget-button\" data-id=\"6a405c8\" data-element_type=\"widget\" data-widget_type=\"button.default\">\n\t\t\t\t<div class=\"elementor-widget-container\">\n\t\t\t\t\t\t\t\t\t<div class=\"elementor-button-wrapper\">\n\t\t\t\t\t<a class=\"elementor-button elementor-button-link elementor-size-sm\" href=\"https:\/\/mundesiplot-9db30c.ingress-bonde.ewp.live\/wp-content\/uploads\/2024\/05\/Europass-CV-template.doc\">\n\t\t\t\t\t\t<span class=\"elementor-button-content-wrapper\">\n\t\t\t\t\t\t\t\t\t<span class=\"elementor-button-text\">Shkarko word<\/span>\n\t\t\t\t\t<\/span>\n\t\t\t\t\t<\/a>\n\t\t\t\t<\/div>\n\t\t\t\t\t\t\t\t<\/div>\n\t\t\t\t<\/div>\n\t\t\t\t<\/div>\n\t\t<div class=\"elementor-element elementor-element-b740b4f e-con-full e-flex e-con e-child\" data-id=\"b740b4f\" data-element_type=\"container\">\n\t\t\t\t<div class=\"elementor-element elementor-element-4c6e1b4 elementor-widget elementor-widget-image\" data-id=\"4c6e1b4\" data-element_type=\"widget\" data-widget_type=\"image.default\">\n\t\t\t\t<div class=\"elementor-widget-container\">\n\t\t\t\t\t\t\t\t\t\t\t\t\t\t\t<img decoding=\"async\" width=\"660\" height=\"820\" src=\"https:\/\/mundesi.ypn.al\/wp-content\/uploads\/2024\/07\/cv_template_06-4-824x1024.jpg\" class=\"attachment-large size-large wp-image-4930\" alt=\"\" srcset=\"https:\/\/mundesi.ypn.al\/wp-content\/uploads\/2024\/07\/cv_template_06-4-824x1024.jpg 824w, https:\/\/mundesi.ypn.al\/wp-content\/uploads\/2024\/07\/cv_template_06-4-241x300.jpg 241w, https:\/\/mundesi.ypn.al\/wp-content\/uploads\/2024\/07\/cv_template_06-4-768x955.jpg 768w, https:\/\/mundesi.ypn.al\/wp-content\/uploads\/2024\/07\/cv_template_06-4-1236x1536.jpg 1236w, https:\/\/mundesi.ypn.al\/wp-content\/uploads\/2024\/07\/cv_template_06-4-1648x2048.jpg 1648w, https:\/\/mundesi.ypn.al\/wp-content\/uploads\/2024\/07\/cv_template_06-4-10x12.jpg 10w, https:\/\/mundesi.ypn.al\/wp-content\/uploads\/2024\/07\/cv_template_06-4-600x746.jpg 600w\" sizes=\"(max-width: 660px) 100vw, 660px\" \/>\t\t\t\t\t\t\t\t\t\t\t\t\t\t\t<\/div>\n\t\t\t\t<\/div>\n\t\t\t\t<div class=\"elementor-element elementor-element-101afe8 elementor-widget elementor-widget-heading\" data-id=\"101afe8\" data-element_type=\"widget\" data-widget_type=\"heading.default\">\n\t\t\t\t<div class=\"elementor-widget-container\">\n\t\t\t\t\t<h2 class=\"elementor-heading-title elementor-size-default\">Varianti 2<\/h2>\t\t\t\t<\/div>\n\t\t\t\t<\/div>\n\t\t\t\t<div class=\"elementor-element elementor-element-fab26d8 elementor-widget elementor-widget-text-editor\" data-id=\"fab26d8\" data-element_type=\"widget\" data-widget_type=\"text-editor.default\">\n\t\t\t\t<div class=\"elementor-widget-container\">\n\t\t\t\t\t\t\t\t\t<p>Variant i krijuar nga platforma Mundesiplot<\/p>\t\t\t\t\t\t\t\t<\/div>\n\t\t\t\t<\/div>\n\t\t\t\t<div class=\"elementor-element elementor-element-a2dc378 elementor-align-center elementor-widget elementor-widget-button\" data-id=\"a2dc378\" data-element_type=\"widget\" data-widget_type=\"button.default\">\n\t\t\t\t<div class=\"elementor-widget-container\">\n\t\t\t\t\t\t\t\t\t<div class=\"elementor-button-wrapper\">\n\t\t\t\t\t<a class=\"elementor-button elementor-button-link elementor-size-sm\" href=\"https:\/\/mundesiplot-9db30c.ingress-bonde.ewp.live\/krijo-cv-2\">\n\t\t\t\t\t\t<span class=\"elementor-button-content-wrapper\">\n\t\t\t\t\t\t\t\t\t<span class=\"elementor-button-text\">Edito k\u00ebt\u00eb variant<\/span>\n\t\t\t\t\t<\/span>\n\t\t\t\t\t<\/a>\n\t\t\t\t<\/div>\n\t\t\t\t\t\t\t\t<\/div>\n\t\t\t\t<\/div>\n\t\t\t\t<\/div>\n\t\t<div class=\"elementor-element elementor-element-6737355 e-con-full e-flex e-con e-child\" data-id=\"6737355\" data-element_type=\"container\">\n\t\t\t\t<div class=\"elementor-element elementor-element-fe67666 elementor-widget elementor-widget-image\" data-id=\"fe67666\" data-element_type=\"widget\" data-widget_type=\"image.default\">\n\t\t\t\t<div class=\"elementor-widget-container\">\n\t\t\t\t\t\t\t\t\t\t\t\t\t\t\t<img loading=\"lazy\" decoding=\"async\" width=\"660\" height=\"660\" src=\"https:\/\/mundesi.ypn.al\/wp-content\/uploads\/2024\/05\/Res122-1024x1024.jpg\" class=\"attachment-large size-large wp-image-4270\" alt=\"\" srcset=\"https:\/\/mundesi.ypn.al\/wp-content\/uploads\/2024\/05\/Res122-1024x1024.jpg 1024w, https:\/\/mundesi.ypn.al\/wp-content\/uploads\/2024\/05\/Res122-300x300.jpg 300w, https:\/\/mundesi.ypn.al\/wp-content\/uploads\/2024\/05\/Res122-150x150.jpg 150w, https:\/\/mundesi.ypn.al\/wp-content\/uploads\/2024\/05\/Res122-768x768.jpg 768w, https:\/\/mundesi.ypn.al\/wp-content\/uploads\/2024\/05\/Res122-1536x1536.jpg 1536w, https:\/\/mundesi.ypn.al\/wp-content\/uploads\/2024\/05\/Res122-2048x2048.jpg 2048w, https:\/\/mundesi.ypn.al\/wp-content\/uploads\/2024\/05\/Res122-600x600.jpg 600w, https:\/\/mundesi.ypn.al\/wp-content\/uploads\/2024\/05\/Res122-410x410.jpg 410w\" sizes=\"(max-width: 660px) 100vw, 660px\" \/>\t\t\t\t\t\t\t\t\t\t\t\t\t\t\t<\/div>\n\t\t\t\t<\/div>\n\t\t\t\t<div class=\"elementor-element elementor-element-eb278cf elementor-widget elementor-widget-heading\" data-id=\"eb278cf\" data-element_type=\"widget\" data-widget_type=\"heading.default\">\n\t\t\t\t<div class=\"elementor-widget-container\">\n\t\t\t\t\t<h2 class=\"elementor-heading-title elementor-size-default\">Varianti 3<\/h2>\t\t\t\t<\/div>\n\t\t\t\t<\/div>\n\t\t\t\t<div class=\"elementor-element elementor-element-dde43e5 elementor-widget elementor-widget-text-editor\" data-id=\"dde43e5\" data-element_type=\"widget\" data-widget_type=\"text-editor.default\">\n\t\t\t\t<div class=\"elementor-widget-container\">\n\t\t\t\t\t\t\t\t\t<p>Variant i krijuar nga platforma Mundesiplot<\/p>\t\t\t\t\t\t\t\t<\/div>\n\t\t\t\t<\/div>\n\t\t\t\t<div class=\"elementor-element elementor-element-b9a1787 elementor-align-center elementor-widget elementor-widget-button\" data-id=\"b9a1787\" data-element_type=\"widget\" data-widget_type=\"button.default\">\n\t\t\t\t<div class=\"elementor-widget-container\">\n\t\t\t\t\t\t\t\t\t<div class=\"elementor-button-wrapper\">\n\t\t\t\t\t<a class=\"elementor-button elementor-button-link elementor-size-sm\" href=\"#\">\n\t\t\t\t\t\t<span class=\"elementor-button-content-wrapper\">\n\t\t\t\t\t\t\t\t\t<span class=\"elementor-button-text\">Vjen s\u00eb shpejti<\/span>\n\t\t\t\t\t<\/span>\n\t\t\t\t\t<\/a>\n\t\t\t\t<\/div>\n\t\t\t\t\t\t\t\t<\/div>\n\t\t\t\t<\/div>\n\t\t\t\t<\/div>\n\t\t\t\t\t<\/div>\n\t\t\t\t<\/div>\n\t\t\t\t<\/div>","protected":false},"excerpt":{"rendered":"<p>Krijo CV Kjo hap\u00ebsir\u00eb \u00ebsht\u00eb e dedikuar p\u00ebr krijimin e CV-ve profesionale duke p\u00ebrdorur template t\u00eb ndryshme. E dizenjuar p\u00ebr t\u00eb ndihmuar individ\u00ebt n\u00eb tregun e pun\u00ebs por jo vet\u00ebm, Mund\u00ebsiPlot u lejon p\u00ebrdoruesve t\u00eb zgjedhin modele CV t\u00eb p\u00ebrshtatshme p\u00ebr sektor\u00eb t\u00eb ndrysh\u00ebm. P\u00ebrdoruesit mund t\u00eb personalizojn\u00eb leht\u00ebsisht \u00e7do template duke shtuar informacionin e [&hellip;]<\/p>","protected":false},"author":1,"featured_media":0,"parent":0,"menu_order":0,"comment_status":"closed","ping_status":"closed","template":"","meta":{"_acf_changed":false,"inline_featured_image":false,"footnotes":""},"class_list":["post-3938","page","type-page","status-publish","hentry"],"acf":[],"_links":{"self":[{"href":"https:\/\/mundesi.ypn.al\/en\/wp-json\/wp\/v2\/pages\/3938","targetHints":{"allow":["GET"]}}],"collection":[{"href":"https:\/\/mundesi.ypn.al\/en\/wp-json\/wp\/v2\/pages"}],"about":[{"href":"https:\/\/mundesi.ypn.al\/en\/wp-json\/wp\/v2\/types\/page"}],"author":[{"embeddable":true,"href":"https:\/\/mundesi.ypn.al\/en\/wp-json\/wp\/v2\/users\/1"}],"replies":[{"embeddable":true,"href":"https:\/\/mundesi.ypn.al\/en\/wp-json\/wp\/v2\/comments?post=3938"}],"version-history":[{"count":31,"href":"https:\/\/mundesi.ypn.al\/en\/wp-json\/wp\/v2\/pages\/3938\/revisions"}],"predecessor-version":[{"id":4935,"href":"https:\/\/mundesi.ypn.al\/en\/wp-json\/wp\/v2\/pages\/3938\/revisions\/4935"}],"wp:attachment":[{"href":"https:\/\/mundesi.ypn.al\/en\/wp-json\/wp\/v2\/media?parent=3938"}],"curies":[{"name":"wp","href":"https:\/\/api.w.org\/{rel}","templated":true}]}}