{"id":3912,"date":"2024-05-18T11:37:13","date_gmt":"2024-05-18T11:37:13","guid":{"rendered":"https:\/\/jobs.ypn.al\/?page_id=3912"},"modified":"2024-07-15T15:14:06","modified_gmt":"2024-07-15T13:14:06","slug":"kryefaqja","status":"publish","type":"page","link":"https:\/\/mundesi.ypn.al\/en\/","title":{"rendered":"Kryefaqja"},"content":{"rendered":"<div data-elementor-type=\"wp-page\" data-elementor-id=\"3912\" class=\"elementor elementor-3912\" data-elementor-post-type=\"page\">\n\t\t\t\t<div class=\"elementor-element elementor-element-2a6e284 e-con-full e-flex e-con e-parent\" data-id=\"2a6e284\" data-element_type=\"container\">\n\t\t\t\t<div class=\"elementor-element elementor-element-d766c39 elementor-invisible elementor-widget elementor-widget-heading\" data-id=\"d766c39\" data-element_type=\"widget\" data-settings=\"{&quot;_animation&quot;:&quot;fadeInUp&quot;}\" data-widget_type=\"heading.default\">\n\t\t\t\t<div class=\"elementor-widget-container\">\n\t\t\t\t\t<h2 class=\"elementor-heading-title elementor-size-default\">Mir\u00ebsevini<\/h2>\t\t\t\t<\/div>\n\t\t\t\t<\/div>\n\t\t<div class=\"elementor-element elementor-element-07d37a8 e-flex e-con-boxed e-con e-child\" data-id=\"07d37a8\" data-element_type=\"container\">\n\t\t\t\t\t<div class=\"e-con-inner\">\n\t\t<div class=\"elementor-element elementor-element-6be77d9 e-con-full e-flex elementor-invisible e-con e-child\" data-id=\"6be77d9\" data-element_type=\"container\" data-settings=\"{&quot;animation&quot;:&quot;fadeInUp&quot;}\">\n\t\t\t\t<div class=\"elementor-element elementor-element-262f485 elementor-widget elementor-widget-image\" data-id=\"262f485\" data-element_type=\"widget\" data-widget_type=\"image.default\">\n\t\t\t\t<div class=\"elementor-widget-container\">\n\t\t\t\t\t\t\t\t\t\t\t\t\t\t\t<img fetchpriority=\"high\" decoding=\"async\" width=\"267\" height=\"266\" src=\"https:\/\/mundesi.ypn.al\/wp-content\/uploads\/2024\/05\/Group-4.png\" class=\"attachment-full size-full wp-image-3914\" alt=\"\" srcset=\"https:\/\/mundesi.ypn.al\/wp-content\/uploads\/2024\/05\/Group-4.png 267w, https:\/\/mundesi.ypn.al\/wp-content\/uploads\/2024\/05\/Group-4-150x150.png 150w\" sizes=\"(max-width: 267px) 100vw, 267px\" \/>\t\t\t\t\t\t\t\t\t\t\t\t\t\t\t<\/div>\n\t\t\t\t<\/div>\n\t\t\t\t<div class=\"elementor-element elementor-element-d1db2fd elementor-widget elementor-widget-heading\" data-id=\"d1db2fd\" data-element_type=\"widget\" data-widget_type=\"heading.default\">\n\t\t\t\t<div class=\"elementor-widget-container\">\n\t\t\t\t\t<h2 class=\"elementor-heading-title elementor-size-default\">Zbulo Veten<\/h2>\t\t\t\t<\/div>\n\t\t\t\t<\/div>\n\t\t\t\t<div class=\"elementor-element elementor-element-d892a92 elementor-widget elementor-widget-text-editor\" data-id=\"d892a92\" data-element_type=\"widget\" data-widget_type=\"text-editor.default\">\n\t\t\t\t<div class=\"elementor-widget-container\">\n\t\t\t\t\t\t\t\t\t<p>Identifikoni aft\u00ebsit\u00eb dhe profesionet q\u00eb p\u00ebrshtaten me interesat e tua profesionale.<\/p>\t\t\t\t\t\t\t\t<\/div>\n\t\t\t\t<\/div>\n\t\t\t\t<div class=\"elementor-element elementor-element-f7fe99d elementor-align-center elementor-widget elementor-widget-button\" data-id=\"f7fe99d\" data-element_type=\"widget\" data-widget_type=\"button.default\">\n\t\t\t\t<div class=\"elementor-widget-container\">\n\t\t\t\t\t\t\t\t\t<div class=\"elementor-button-wrapper\">\n\t\t\t\t\t<a class=\"elementor-button elementor-button-link elementor-size-sm\" href=\"https:\/\/mundesiplot-9db30c.ingress-bonde.ewp.live\/zbulo-veten\/\">\n\t\t\t\t\t\t<span class=\"elementor-button-content-wrapper\">\n\t\t\t\t\t\t\t\t\t<span class=\"elementor-button-text\">Kliko k\u00ebtu<\/span>\n\t\t\t\t\t<\/span>\n\t\t\t\t\t<\/a>\n\t\t\t\t<\/div>\n\t\t\t\t\t\t\t\t<\/div>\n\t\t\t\t<\/div>\n\t\t\t\t<\/div>\n\t\t<div class=\"elementor-element elementor-element-7d2a835 e-con-full e-flex elementor-invisible e-con e-child\" data-id=\"7d2a835\" data-element_type=\"container\" data-settings=\"{&quot;animation&quot;:&quot;fadeInUp&quot;}\">\n\t\t\t\t<div class=\"elementor-element elementor-element-ace35c1 elementor-widget elementor-widget-image\" data-id=\"ace35c1\" data-element_type=\"widget\" data-widget_type=\"image.default\">\n\t\t\t\t<div class=\"elementor-widget-container\">\n\t\t\t\t\t\t\t\t\t\t\t\t\t\t\t<img decoding=\"async\" width=\"409\" height=\"318\" src=\"https:\/\/mundesi.ypn.al\/wp-content\/uploads\/2024\/05\/Group-30.png\" class=\"attachment-large size-large wp-image-3915\" alt=\"\" srcset=\"https:\/\/mundesi.ypn.al\/wp-content\/uploads\/2024\/05\/Group-30.png 409w, https:\/\/mundesi.ypn.al\/wp-content\/uploads\/2024\/05\/Group-30-300x233.png 300w\" sizes=\"(max-width: 409px) 100vw, 409px\" \/>\t\t\t\t\t\t\t\t\t\t\t\t\t\t\t<\/div>\n\t\t\t\t<\/div>\n\t\t\t\t<div class=\"elementor-element elementor-element-407faad elementor-widget elementor-widget-heading\" data-id=\"407faad\" data-element_type=\"widget\" data-widget_type=\"heading.default\">\n\t\t\t\t<div class=\"elementor-widget-container\">\n\t\t\t\t\t<h2 class=\"elementor-heading-title elementor-size-default\">Krijo CV<\/h2>\t\t\t\t<\/div>\n\t\t\t\t<\/div>\n\t\t\t\t<div class=\"elementor-element elementor-element-8614d75 elementor-widget elementor-widget-text-editor\" data-id=\"8614d75\" data-element_type=\"widget\" data-widget_type=\"text-editor.default\">\n\t\t\t\t<div class=\"elementor-widget-container\">\n\t\t\t\t\t\t\t\t\t<p>Krijoni CV tuaj duke vendosur t\u00eb dh\u00ebnat tuaja sipas formateve m\u00eb t\u00eb p\u00ebrdorura n\u00eb bot\u00ebn e pun\u00ebs.<\/p>\t\t\t\t\t\t\t\t<\/div>\n\t\t\t\t<\/div>\n\t\t\t\t<div class=\"elementor-element elementor-element-ba770ad elementor-align-center elementor-widget elementor-widget-button\" data-id=\"ba770ad\" data-element_type=\"widget\" data-widget_type=\"button.default\">\n\t\t\t\t<div class=\"elementor-widget-container\">\n\t\t\t\t\t\t\t\t\t<div class=\"elementor-button-wrapper\">\n\t\t\t\t\t<a class=\"elementor-button elementor-button-link elementor-size-sm\" href=\"https:\/\/mundesiplot-9db30c.ingress-bonde.ewp.live\/krijo-cv\/\">\n\t\t\t\t\t\t<span class=\"elementor-button-content-wrapper\">\n\t\t\t\t\t\t\t\t\t<span class=\"elementor-button-text\">Kliko k\u00ebtu<\/span>\n\t\t\t\t\t<\/span>\n\t\t\t\t\t<\/a>\n\t\t\t\t<\/div>\n\t\t\t\t\t\t\t\t<\/div>\n\t\t\t\t<\/div>\n\t\t\t\t<\/div>\n\t\t<div class=\"elementor-element elementor-element-7cdbd9d e-con-full e-flex elementor-invisible e-con e-child\" data-id=\"7cdbd9d\" data-element_type=\"container\" data-settings=\"{&quot;animation&quot;:&quot;fadeInUp&quot;}\">\n\t\t\t\t<div class=\"elementor-element elementor-element-529a9e4 elementor-widget elementor-widget-image\" data-id=\"529a9e4\" data-element_type=\"widget\" data-widget_type=\"image.default\">\n\t\t\t\t<div class=\"elementor-widget-container\">\n\t\t\t\t\t\t\t\t\t\t\t\t\t\t\t<img decoding=\"async\" width=\"444\" height=\"425\" src=\"https:\/\/mundesi.ypn.al\/wp-content\/uploads\/2024\/05\/Group-175.png\" class=\"attachment-full size-full wp-image-3916\" alt=\"\" srcset=\"https:\/\/mundesi.ypn.al\/wp-content\/uploads\/2024\/05\/Group-175.png 444w, https:\/\/mundesi.ypn.al\/wp-content\/uploads\/2024\/05\/Group-175-300x287.png 300w\" sizes=\"(max-width: 444px) 100vw, 444px\" \/>\t\t\t\t\t\t\t\t\t\t\t\t\t\t\t<\/div>\n\t\t\t\t<\/div>\n\t\t\t\t<div class=\"elementor-element elementor-element-46cfe02 elementor-widget elementor-widget-heading\" data-id=\"46cfe02\" data-element_type=\"widget\" data-widget_type=\"heading.default\">\n\t\t\t\t<div class=\"elementor-widget-container\">\n\t\t\t\t\t<h2 class=\"elementor-heading-title elementor-size-default\">Ofro<\/h2>\t\t\t\t<\/div>\n\t\t\t\t<\/div>\n\t\t\t\t<div class=\"elementor-element elementor-element-d6f524e elementor-widget elementor-widget-text-editor\" data-id=\"d6f524e\" data-element_type=\"widget\" data-widget_type=\"text-editor.default\">\n\t\t\t\t<div class=\"elementor-widget-container\">\n\t\t\t\t\t\t\t\t\t<p>Ofroni mund\u00ebsi t\u00eb ndryshme n\u00ebp\u00ebrmjet platform\u00ebs. Gjeni kandidat\u00ebt e duhur p\u00ebr mund\u00ebsit\u00eb qe ju ofroni.<\/p>\t\t\t\t\t\t\t\t<\/div>\n\t\t\t\t<\/div>\n\t\t\t\t<div class=\"elementor-element elementor-element-609fc65 elementor-align-center elementor-widget elementor-widget-button\" data-id=\"609fc65\" data-element_type=\"widget\" data-widget_type=\"button.default\">\n\t\t\t\t<div class=\"elementor-widget-container\">\n\t\t\t\t\t\t\t\t\t<div class=\"elementor-button-wrapper\">\n\t\t\t\t\t<a class=\"elementor-button elementor-button-link elementor-size-sm\" href=\"https:\/\/mundesiplot-9db30c.ingress-bonde.ewp.live\/ofro\/\">\n\t\t\t\t\t\t<span class=\"elementor-button-content-wrapper\">\n\t\t\t\t\t\t\t\t\t<span class=\"elementor-button-text\">Kliko k\u00ebtu<\/span>\n\t\t\t\t\t<\/span>\n\t\t\t\t\t<\/a>\n\t\t\t\t<\/div>\n\t\t\t\t\t\t\t\t<\/div>\n\t\t\t\t<\/div>\n\t\t\t\t<\/div>\n\t\t<div class=\"elementor-element elementor-element-1abac53 e-con-full e-flex elementor-invisible e-con e-child\" data-id=\"1abac53\" data-element_type=\"container\" data-settings=\"{&quot;animation&quot;:&quot;fadeInUp&quot;}\">\n\t\t\t\t<div class=\"elementor-element elementor-element-0780898 elementor-widget elementor-widget-image\" data-id=\"0780898\" data-element_type=\"widget\" data-widget_type=\"image.default\">\n\t\t\t\t<div class=\"elementor-widget-container\">\n\t\t\t\t\t\t\t\t\t\t\t\t\t\t\t<img loading=\"lazy\" decoding=\"async\" width=\"310\" height=\"217\" src=\"https:\/\/mundesi.ypn.al\/wp-content\/uploads\/2024\/05\/Group-108.png\" class=\"attachment-large size-large wp-image-3917\" alt=\"\" srcset=\"https:\/\/mundesi.ypn.al\/wp-content\/uploads\/2024\/05\/Group-108.png 310w, https:\/\/mundesi.ypn.al\/wp-content\/uploads\/2024\/05\/Group-108-300x210.png 300w\" sizes=\"(max-width: 310px) 100vw, 310px\" \/>\t\t\t\t\t\t\t\t\t\t\t\t\t\t\t<\/div>\n\t\t\t\t<\/div>\n\t\t\t\t<div class=\"elementor-element elementor-element-501abb0 elementor-widget elementor-widget-heading\" data-id=\"501abb0\" data-element_type=\"widget\" data-widget_type=\"heading.default\">\n\t\t\t\t<div class=\"elementor-widget-container\">\n\t\t\t\t\t<h2 class=\"elementor-heading-title elementor-size-default\">K\u00ebrko<\/h2>\t\t\t\t<\/div>\n\t\t\t\t<\/div>\n\t\t\t\t<div class=\"elementor-element elementor-element-0754708 elementor-widget elementor-widget-text-editor\" data-id=\"0754708\" data-element_type=\"widget\" data-widget_type=\"text-editor.default\">\n\t\t\t\t<div class=\"elementor-widget-container\">\n\t\t\t\t\t\t\t\t\t<p>K\u00ebrkoni mund\u00ebsi t\u00eb fushave t\u00eb ndryshme duke aplikuar direkt nga platforma.<\/p>\t\t\t\t\t\t\t\t<\/div>\n\t\t\t\t<\/div>\n\t\t\t\t<div class=\"elementor-element elementor-element-3712352 elementor-align-center elementor-widget elementor-widget-button\" data-id=\"3712352\" data-element_type=\"widget\" data-widget_type=\"button.default\">\n\t\t\t\t<div class=\"elementor-widget-container\">\n\t\t\t\t\t\t\t\t\t<div class=\"elementor-button-wrapper\">\n\t\t\t\t\t<a class=\"elementor-button elementor-button-link elementor-size-sm\" href=\"https:\/\/mundesiplot-9db30c.ingress-bonde.ewp.live\/kerko\/\">\n\t\t\t\t\t\t<span class=\"elementor-button-content-wrapper\">\n\t\t\t\t\t\t\t\t\t<span class=\"elementor-button-text\">Kliko k\u00ebtu<\/span>\n\t\t\t\t\t<\/span>\n\t\t\t\t\t<\/a>\n\t\t\t\t<\/div>\n\t\t\t\t\t\t\t\t<\/div>\n\t\t\t\t<\/div>\n\t\t\t\t<\/div>\n\t\t\t\t\t<\/div>\n\t\t\t\t<\/div>\n\t\t\t\t<\/div>\n\t\t\t\t<\/div>","protected":false},"excerpt":{"rendered":"<p>Mir\u00ebsevini Zbulo Veten Identifikoni aft\u00ebsit\u00eb dhe profesionet q\u00eb p\u00ebrshtaten me interesat e tua profesionale. Kliko k\u00ebtu Krijo CV Krijoni CV tuaj duke vendosur t\u00eb dh\u00ebnat tuaja sipas formateve m\u00eb t\u00eb p\u00ebrdorura n\u00eb bot\u00ebn e pun\u00ebs. Kliko k\u00ebtu Ofro Ofroni mund\u00ebsi t\u00eb ndryshme n\u00ebp\u00ebrmjet platform\u00ebs. Gjeni kandidat\u00ebt e duhur p\u00ebr mund\u00ebsit\u00eb qe ju ofroni. Kliko k\u00ebtu [&hellip;]<\/p>","protected":false},"author":1,"featured_media":0,"parent":0,"menu_order":0,"comment_status":"closed","ping_status":"closed","template":"","meta":{"_acf_changed":false,"inline_featured_image":false,"footnotes":""},"class_list":["post-3912","page","type-page","status-publish","hentry"],"acf":[],"_links":{"self":[{"href":"https:\/\/mundesi.ypn.al\/en\/wp-json\/wp\/v2\/pages\/3912","targetHints":{"allow":["GET"]}}],"collection":[{"href":"https:\/\/mundesi.ypn.al\/en\/wp-json\/wp\/v2\/pages"}],"about":[{"href":"https:\/\/mundesi.ypn.al\/en\/wp-json\/wp\/v2\/types\/page"}],"author":[{"embeddable":true,"href":"https:\/\/mundesi.ypn.al\/en\/wp-json\/wp\/v2\/users\/1"}],"replies":[{"embeddable":true,"href":"https:\/\/mundesi.ypn.al\/en\/wp-json\/wp\/v2\/comments?post=3912"}],"version-history":[{"count":46,"href":"https:\/\/mundesi.ypn.al\/en\/wp-json\/wp\/v2\/pages\/3912\/revisions"}],"predecessor-version":[{"id":5241,"href":"https:\/\/mundesi.ypn.al\/en\/wp-json\/wp\/v2\/pages\/3912\/revisions\/5241"}],"wp:attachment":[{"href":"https:\/\/mundesi.ypn.al\/en\/wp-json\/wp\/v2\/media?parent=3912"}],"curies":[{"name":"wp","href":"https:\/\/api.w.org\/{rel}","templated":true}]}}